{"id":161,"date":"2019-11-22T22:45:09","date_gmt":"2019-11-22T21:45:09","guid":{"rendered":"http:\/\/jura-creation-bois.com\/?page_id=161"},"modified":"2020-07-30T20:35:11","modified_gmt":"2020-07-30T18:35:11","slug":"apero","status":"publish","type":"page","link":"https:\/\/jura-creation-bois.com\/index.php\/apero\/","title":{"rendered":"Ap\u00e9ro"},"content":{"rendered":"\n<figure class=\"wp-container-2 wp-block-gallery-1 wp-block-gallery columns-2 is-cropped\"><ul class=\"blocks-gallery-grid\"><li class=\"blocks-gallery-item\"><figure><img loading=\"lazy\" width=\"1024\" height=\"683\" src=\"https:\/\/jura-creation-bois.com\/wp-content\/uploads\/2019\/11\/Planche-hexa-avec-S-1024x683.jpg\" alt=\"\" data-id=\"162\" data-link=\"https:\/\/jura-creation-bois.com\/?attachment_id=162\" class=\"wp-image-162\" srcset=\"https:\/\/jura-creation-bois.com\/wp-content\/uploads\/2019\/11\/Planche-hexa-avec-S-1024x683.jpg 1024w, https:\/\/jura-creation-bois.com\/wp-content\/uploads\/2019\/11\/Planche-hexa-avec-S-300x200.jpg 300w, https:\/\/jura-creation-bois.com\/wp-content\/uploads\/2019\/11\/Planche-hexa-avec-S-768x512.jpg 768w, https:\/\/jura-creation-bois.com\/wp-content\/uploads\/2019\/11\/Planche-hexa-avec-S-1536x1024.jpg 1536w, https:\/\/jura-creation-bois.com\/wp-content\/uploads\/2019\/11\/Planche-hexa-avec-S-2048x1365.jpg 2048w, https:\/\/jura-creation-bois.com\/wp-content\/uploads\/2019\/11\/Planche-hexa-avec-S-1200x800.jpg 1200w\" sizes=\"(max-width: 709px) 85vw, (max-width: 909px) 67vw, (max-width: 1362px) 62vw, 840px\" \/><\/figure><\/li><li class=\"blocks-gallery-item\"><figure><img loading=\"lazy\" width=\"1024\" height=\"683\" src=\"https:\/\/jura-creation-bois.com\/wp-content\/uploads\/2019\/11\/Planche-hexa-petite-S-1024x683.jpg\" alt=\"\" data-id=\"163\" data-link=\"https:\/\/jura-creation-bois.com\/?attachment_id=163\" class=\"wp-image-163\" srcset=\"https:\/\/jura-creation-bois.com\/wp-content\/uploads\/2019\/11\/Planche-hexa-petite-S-1024x683.jpg 1024w, https:\/\/jura-creation-bois.com\/wp-content\/uploads\/2019\/11\/Planche-hexa-petite-S-300x200.jpg 300w, https:\/\/jura-creation-bois.com\/wp-content\/uploads\/2019\/11\/Planche-hexa-petite-S-768x512.jpg 768w, https:\/\/jura-creation-bois.com\/wp-content\/uploads\/2019\/11\/Planche-hexa-petite-S-1536x1024.jpg 1536w, https:\/\/jura-creation-bois.com\/wp-content\/uploads\/2019\/11\/Planche-hexa-petite-S-2048x1365.jpg 2048w, https:\/\/jura-creation-bois.com\/wp-content\/uploads\/2019\/11\/Planche-hexa-petite-S-1200x800.jpg 1200w\" sizes=\"(max-width: 709px) 85vw, (max-width: 909px) 67vw, (max-width: 1362px) 62vw, 840px\" \/><\/figure><\/li><li class=\"blocks-gallery-item\"><figure><img loading=\"lazy\" width=\"1024\" height=\"683\" src=\"https:\/\/jura-creation-bois.com\/wp-content\/uploads\/2019\/11\/Planche-hexa-S-1024x683.jpg\" alt=\"\" data-id=\"164\" data-full-url=\"https:\/\/jura-creation-bois.com\/wp-content\/uploads\/2019\/11\/Planche-hexa-S-scaled.jpg\" data-link=\"https:\/\/jura-creation-bois.com\/?attachment_id=164\" class=\"wp-image-164\" srcset=\"https:\/\/jura-creation-bois.com\/wp-content\/uploads\/2019\/11\/Planche-hexa-S-1024x683.jpg 1024w, https:\/\/jura-creation-bois.com\/wp-content\/uploads\/2019\/11\/Planche-hexa-S-300x200.jpg 300w, https:\/\/jura-creation-bois.com\/wp-content\/uploads\/2019\/11\/Planche-hexa-S-768x512.jpg 768w, https:\/\/jura-creation-bois.com\/wp-content\/uploads\/2019\/11\/Planche-hexa-S-1536x1024.jpg 1536w, https:\/\/jura-creation-bois.com\/wp-content\/uploads\/2019\/11\/Planche-hexa-S-2048x1365.jpg 2048w, https:\/\/jura-creation-bois.com\/wp-content\/uploads\/2019\/11\/Planche-hexa-S-1200x800.jpg 1200w\" sizes=\"(max-width: 709px) 85vw, (max-width: 909px) 67vw, (max-width: 1362px) 62vw, 840px\" \/><\/figure><\/li><\/ul><figcaption class=\"blocks-gallery-caption\"><strong>Planches hexagonales. Assemblages de bois d&#8217;essences diverses.<br>D 26 \u00e0 36 cm<br><\/strong>85 \u20ac<br><br><\/figcaption><\/figure>\n\n\n\n<figure class=\"wp-container-4 wp-block-gallery-3 wp-block-gallery columns-1 is-cropped\"><ul class=\"blocks-gallery-grid\"><li class=\"blocks-gallery-item\"><figure><img loading=\"lazy\" width=\"683\" height=\"1024\" src=\"https:\/\/jura-creation-bois.com\/wp-content\/uploads\/2019\/11\/Porte-bouteilles-S-683x1024.jpg\" alt=\"\" data-id=\"165\" data-full-url=\"https:\/\/jura-creation-bois.com\/wp-content\/uploads\/2019\/11\/Porte-bouteilles-S-scaled.jpg\" data-link=\"https:\/\/jura-creation-bois.com\/?attachment_id=165\" class=\"wp-image-165\" srcset=\"https:\/\/jura-creation-bois.com\/wp-content\/uploads\/2019\/11\/Porte-bouteilles-S-683x1024.jpg 683w, https:\/\/jura-creation-bois.com\/wp-content\/uploads\/2019\/11\/Porte-bouteilles-S-200x300.jpg 200w, https:\/\/jura-creation-bois.com\/wp-content\/uploads\/2019\/11\/Porte-bouteilles-S-768x1152.jpg 768w, https:\/\/jura-creation-bois.com\/wp-content\/uploads\/2019\/11\/Porte-bouteilles-S-1024x1536.jpg 1024w, https:\/\/jura-creation-bois.com\/wp-content\/uploads\/2019\/11\/Porte-bouteilles-S-1365x2048.jpg 1365w, https:\/\/jura-creation-bois.com\/wp-content\/uploads\/2019\/11\/Porte-bouteilles-S-1200x1800.jpg 1200w, https:\/\/jura-creation-bois.com\/wp-content\/uploads\/2019\/11\/Porte-bouteilles-S-scaled.jpg 1707w\" sizes=\"(max-width: 683px) 85vw, 683px\" \/><\/figure><\/li><\/ul><figcaption class=\"blocks-gallery-caption\"><strong>Porte-bouteilles en Ch\u00eane non d\u00e9lign\u00e9.<\/strong><br>140 \u20ac<br><br><\/figcaption><\/figure>\n\n\n\n<figure class=\"wp-container-6 wp-block-gallery-5 wp-block-gallery columns-2 is-cropped\"><ul class=\"blocks-gallery-grid\"><li class=\"blocks-gallery-item\"><figure><img loading=\"lazy\" width=\"1024\" height=\"683\" src=\"https:\/\/jura-creation-bois.com\/wp-content\/uploads\/2019\/11\/Plateau-avec-S-1024x683.jpg\" alt=\"\" data-id=\"166\" data-link=\"https:\/\/jura-creation-bois.com\/?attachment_id=166\" class=\"wp-image-166\" srcset=\"https:\/\/jura-creation-bois.com\/wp-content\/uploads\/2019\/11\/Plateau-avec-S-1024x683.jpg 1024w, https:\/\/jura-creation-bois.com\/wp-content\/uploads\/2019\/11\/Plateau-avec-S-300x200.jpg 300w, https:\/\/jura-creation-bois.com\/wp-content\/uploads\/2019\/11\/Plateau-avec-S-768x512.jpg 768w, https:\/\/jura-creation-bois.com\/wp-content\/uploads\/2019\/11\/Plateau-avec-S-1536x1024.jpg 1536w, https:\/\/jura-creation-bois.com\/wp-content\/uploads\/2019\/11\/Plateau-avec-S-2048x1365.jpg 2048w, https:\/\/jura-creation-bois.com\/wp-content\/uploads\/2019\/11\/Plateau-avec-S-1200x800.jpg 1200w\" sizes=\"(max-width: 709px) 85vw, (max-width: 909px) 67vw, (max-width: 1362px) 62vw, 840px\" \/><\/figure><\/li><li class=\"blocks-gallery-item\"><figure><img loading=\"lazy\" width=\"1024\" height=\"683\" src=\"https:\/\/jura-creation-bois.com\/wp-content\/uploads\/2019\/11\/Plateau-S-1024x683.jpg\" alt=\"\" data-id=\"168\" data-full-url=\"https:\/\/jura-creation-bois.com\/wp-content\/uploads\/2019\/11\/Plateau-S-scaled.jpg\" data-link=\"https:\/\/jura-creation-bois.com\/?attachment_id=168\" class=\"wp-image-168\" srcset=\"https:\/\/jura-creation-bois.com\/wp-content\/uploads\/2019\/11\/Plateau-S-1024x683.jpg 1024w, https:\/\/jura-creation-bois.com\/wp-content\/uploads\/2019\/11\/Plateau-S-300x200.jpg 300w, https:\/\/jura-creation-bois.com\/wp-content\/uploads\/2019\/11\/Plateau-S-768x512.jpg 768w, https:\/\/jura-creation-bois.com\/wp-content\/uploads\/2019\/11\/Plateau-S-1536x1024.jpg 1536w, https:\/\/jura-creation-bois.com\/wp-content\/uploads\/2019\/11\/Plateau-S-2048x1365.jpg 2048w, https:\/\/jura-creation-bois.com\/wp-content\/uploads\/2019\/11\/Plateau-S-1200x800.jpg 1200w\" sizes=\"(max-width: 709px) 85vw, (max-width: 909px) 67vw, (max-width: 1362px) 62vw, 840px\" \/><\/figure><\/li><li class=\"blocks-gallery-item\"><figure><img loading=\"lazy\" width=\"1024\" height=\"682\" src=\"https:\/\/jura-creation-bois.com\/wp-content\/uploads\/2019\/11\/Plateau-debout-S-1024x682.jpg\" alt=\"\" data-id=\"167\" data-link=\"https:\/\/jura-creation-bois.com\/?attachment_id=167\" class=\"wp-image-167\" srcset=\"https:\/\/jura-creation-bois.com\/wp-content\/uploads\/2019\/11\/Plateau-debout-S-1024x682.jpg 1024w, https:\/\/jura-creation-bois.com\/wp-content\/uploads\/2019\/11\/Plateau-debout-S-300x200.jpg 300w, https:\/\/jura-creation-bois.com\/wp-content\/uploads\/2019\/11\/Plateau-debout-S-768x512.jpg 768w, https:\/\/jura-creation-bois.com\/wp-content\/uploads\/2019\/11\/Plateau-debout-S-1536x1024.jpg 1536w, https:\/\/jura-creation-bois.com\/wp-content\/uploads\/2019\/11\/Plateau-debout-S-2048x1365.jpg 2048w, https:\/\/jura-creation-bois.com\/wp-content\/uploads\/2019\/11\/Plateau-debout-S-1200x800.jpg 1200w\" sizes=\"(max-width: 709px) 85vw, (max-width: 909px) 67vw, (max-width: 1362px) 62vw, 840px\" \/><\/figure><\/li><\/ul><figcaption class=\"blocks-gallery-caption\"><strong>Plateau 35 x 40 cm.<\/strong><br>85 \u20ac<\/figcaption><\/figure>\n\n\n\n<p><\/p>\n","protected":false},"excerpt":{"rendered":"","protected":false},"author":1,"featured_media":0,"parent":0,"menu_order":0,"comment_status":"closed","ping_status":"closed","template":"","meta":[],"_links":{"self":[{"href":"https:\/\/jura-creation-bois.com\/index.php\/wp-json\/wp\/v2\/pages\/161"}],"collection":[{"href":"https:\/\/jura-creation-bois.com\/index.php\/wp-json\/wp\/v2\/pages"}],"about":[{"href":"https:\/\/jura-creation-bois.com\/index.php\/wp-json\/wp\/v2\/types\/page"}],"author":[{"embeddable":true,"href":"https:\/\/jura-creation-bois.com\/index.php\/wp-json\/wp\/v2\/users\/1"}],"replies":[{"embeddable":true,"href":"https:\/\/jura-creation-bois.com\/index.php\/wp-json\/wp\/v2\/comments?post=161"}],"version-history":[{"count":5,"href":"https:\/\/jura-creation-bois.com\/index.php\/wp-json\/wp\/v2\/pages\/161\/revisions"}],"predecessor-version":[{"id":269,"href":"https:\/\/jura-creation-bois.com\/index.php\/wp-json\/wp\/v2\/pages\/161\/revisions\/269"}],"wp:attachment":[{"href":"https:\/\/jura-creation-bois.com\/index.php\/wp-json\/wp\/v2\/media?parent=161"}],"curies":[{"name":"wp","href":"https:\/\/api.w.org\/{rel}","templated":true}]}}