{"id":108,"date":"2019-11-21T22:19:31","date_gmt":"2019-11-21T21:19:31","guid":{"rendered":"http:\/\/jura-creation-bois.com\/?page_id=108"},"modified":"2022-09-29T10:12:24","modified_gmt":"2022-09-29T08:12:24","slug":"tables","status":"publish","type":"page","link":"https:\/\/jura-creation-bois.com\/index.php\/tables\/","title":{"rendered":"Tables"},"content":{"rendered":"\n<figure class=\"wp-container-2 wp-block-gallery-1 wp-block-gallery has-nested-images columns-2 is-cropped\">\n<figure class=\"wp-block-image size-large\"><img loading=\"lazy\" width=\"1024\" height=\"1024\" data-id=\"148\"  src=\"https:\/\/jura-creation-bois.com\/wp-content\/uploads\/2019\/11\/Table-basse-grande-carr\u00e9-S-1024x1024.jpg\" alt=\"\" class=\"wp-image-148\" srcset=\"https:\/\/jura-creation-bois.com\/wp-content\/uploads\/2019\/11\/Table-basse-grande-carr\u00e9-S-1024x1024.jpg 1024w, https:\/\/jura-creation-bois.com\/wp-content\/uploads\/2019\/11\/Table-basse-grande-carr\u00e9-S-300x300.jpg 300w, https:\/\/jura-creation-bois.com\/wp-content\/uploads\/2019\/11\/Table-basse-grande-carr\u00e9-S-150x150.jpg 150w, https:\/\/jura-creation-bois.com\/wp-content\/uploads\/2019\/11\/Table-basse-grande-carr\u00e9-S-768x768.jpg 768w, https:\/\/jura-creation-bois.com\/wp-content\/uploads\/2019\/11\/Table-basse-grande-carr\u00e9-S-1536x1536.jpg 1536w, https:\/\/jura-creation-bois.com\/wp-content\/uploads\/2019\/11\/Table-basse-grande-carr\u00e9-S-2048x2048.jpg 2048w, https:\/\/jura-creation-bois.com\/wp-content\/uploads\/2019\/11\/Table-basse-grande-carr\u00e9-S-1200x1200.jpg 1200w\" sizes=\"(max-width: 709px) 85vw, (max-width: 909px) 67vw, (max-width: 1362px) 62vw, 840px\" \/><\/figure>\n\n\n\n<figure class=\"wp-block-image size-large\"><img loading=\"lazy\" width=\"1024\" height=\"683\" data-id=\"149\"  src=\"https:\/\/jura-creation-bois.com\/wp-content\/uploads\/2019\/11\/Table-basse-d\u00e9tail-S-1024x683.jpg\" alt=\"\" class=\"wp-image-149\" srcset=\"https:\/\/jura-creation-bois.com\/wp-content\/uploads\/2019\/11\/Table-basse-d\u00e9tail-S-1024x683.jpg 1024w, https:\/\/jura-creation-bois.com\/wp-content\/uploads\/2019\/11\/Table-basse-d\u00e9tail-S-300x200.jpg 300w, https:\/\/jura-creation-bois.com\/wp-content\/uploads\/2019\/11\/Table-basse-d\u00e9tail-S-768x512.jpg 768w, https:\/\/jura-creation-bois.com\/wp-content\/uploads\/2019\/11\/Table-basse-d\u00e9tail-S-1536x1024.jpg 1536w, https:\/\/jura-creation-bois.com\/wp-content\/uploads\/2019\/11\/Table-basse-d\u00e9tail-S-2048x1365.jpg 2048w, https:\/\/jura-creation-bois.com\/wp-content\/uploads\/2019\/11\/Table-basse-d\u00e9tail-S-1200x800.jpg 1200w\" sizes=\"(max-width: 709px) 85vw, (max-width: 909px) 67vw, (max-width: 1362px) 62vw, 840px\" \/><\/figure>\n\n\n\n<figure class=\"wp-block-image size-large\"><img loading=\"lazy\" width=\"1024\" height=\"682\" data-id=\"150\"  src=\"https:\/\/jura-creation-bois.com\/wp-content\/uploads\/2019\/11\/Table-basse-mur-blanc-dessus-S-1024x682.jpg\" alt=\"\" class=\"wp-image-150\" srcset=\"https:\/\/jura-creation-bois.com\/wp-content\/uploads\/2019\/11\/Table-basse-mur-blanc-dessus-S-1024x682.jpg 1024w, https:\/\/jura-creation-bois.com\/wp-content\/uploads\/2019\/11\/Table-basse-mur-blanc-dessus-S-300x200.jpg 300w, https:\/\/jura-creation-bois.com\/wp-content\/uploads\/2019\/11\/Table-basse-mur-blanc-dessus-S-768x512.jpg 768w, https:\/\/jura-creation-bois.com\/wp-content\/uploads\/2019\/11\/Table-basse-mur-blanc-dessus-S-1536x1024.jpg 1536w, https:\/\/jura-creation-bois.com\/wp-content\/uploads\/2019\/11\/Table-basse-mur-blanc-dessus-S-2048x1365.jpg 2048w, https:\/\/jura-creation-bois.com\/wp-content\/uploads\/2019\/11\/Table-basse-mur-blanc-dessus-S-1200x800.jpg 1200w\" sizes=\"(max-width: 709px) 85vw, (max-width: 909px) 67vw, (max-width: 1362px) 62vw, 840px\" \/><\/figure>\n<figcaption class=\"blocks-gallery-caption\">Table basse en Catalpa. Assemblage en miroir de trois pi\u00e8ces de bois incrust\u00e9es d&#8217;\u00e9tain.<br>Pieds en Chata\u00eegner.<br>71 x 78 x H 43cm<br>500 \u20ac<br><br><\/figcaption><\/figure>\n\n\n\n<figure class=\"wp-container-4 wp-block-gallery-3 wp-block-gallery has-nested-images columns-2 is-cropped\">\n<figure class=\"wp-block-image size-large\"><img loading=\"lazy\" width=\"1024\" height=\"1024\" data-id=\"136\"  src=\"https:\/\/jura-creation-bois.com\/wp-content\/uploads\/2019\/11\/Table-basse-2-\u00e9tages-d\u00e9tail-S-2-1024x1024.jpg\" alt=\"\" class=\"wp-image-136\" srcset=\"https:\/\/jura-creation-bois.com\/wp-content\/uploads\/2019\/11\/Table-basse-2-\u00e9tages-d\u00e9tail-S-2-1024x1024.jpg 1024w, https:\/\/jura-creation-bois.com\/wp-content\/uploads\/2019\/11\/Table-basse-2-\u00e9tages-d\u00e9tail-S-2-300x300.jpg 300w, https:\/\/jura-creation-bois.com\/wp-content\/uploads\/2019\/11\/Table-basse-2-\u00e9tages-d\u00e9tail-S-2-150x150.jpg 150w, https:\/\/jura-creation-bois.com\/wp-content\/uploads\/2019\/11\/Table-basse-2-\u00e9tages-d\u00e9tail-S-2-768x768.jpg 768w, https:\/\/jura-creation-bois.com\/wp-content\/uploads\/2019\/11\/Table-basse-2-\u00e9tages-d\u00e9tail-S-2-1536x1536.jpg 1536w, https:\/\/jura-creation-bois.com\/wp-content\/uploads\/2019\/11\/Table-basse-2-\u00e9tages-d\u00e9tail-S-2-1200x1200.jpg 1200w, https:\/\/jura-creation-bois.com\/wp-content\/uploads\/2019\/11\/Table-basse-2-\u00e9tages-d\u00e9tail-S-2.jpg 1915w\" sizes=\"(max-width: 709px) 85vw, (max-width: 909px) 67vw, (max-width: 1362px) 62vw, 840px\" \/><\/figure>\n\n\n\n<figure class=\"wp-block-image size-large\"><img loading=\"lazy\" width=\"1024\" height=\"682\" data-id=\"138\"  src=\"https:\/\/jura-creation-bois.com\/wp-content\/uploads\/2019\/11\/Table-basse-2-\u00e9tages-accessoires-S-2-1024x682.jpg\" alt=\"\" class=\"wp-image-138\" srcset=\"https:\/\/jura-creation-bois.com\/wp-content\/uploads\/2019\/11\/Table-basse-2-\u00e9tages-accessoires-S-2-1024x682.jpg 1024w, https:\/\/jura-creation-bois.com\/wp-content\/uploads\/2019\/11\/Table-basse-2-\u00e9tages-accessoires-S-2-300x200.jpg 300w, https:\/\/jura-creation-bois.com\/wp-content\/uploads\/2019\/11\/Table-basse-2-\u00e9tages-accessoires-S-2-768x512.jpg 768w, https:\/\/jura-creation-bois.com\/wp-content\/uploads\/2019\/11\/Table-basse-2-\u00e9tages-accessoires-S-2-1536x1024.jpg 1536w, https:\/\/jura-creation-bois.com\/wp-content\/uploads\/2019\/11\/Table-basse-2-\u00e9tages-accessoires-S-2-2048x1365.jpg 2048w, https:\/\/jura-creation-bois.com\/wp-content\/uploads\/2019\/11\/Table-basse-2-\u00e9tages-accessoires-S-2-1200x800.jpg 1200w\" sizes=\"(max-width: 709px) 85vw, (max-width: 909px) 67vw, (max-width: 1362px) 62vw, 840px\" \/><\/figure>\n\n\n\n<figure class=\"wp-block-image size-large\"><img loading=\"lazy\" width=\"1024\" height=\"682\" data-id=\"134\"  src=\"https:\/\/jura-creation-bois.com\/wp-content\/uploads\/2019\/11\/Table-basse-2-\u00e9tages-S-1024x682.jpg\" alt=\"\" class=\"wp-image-134\" srcset=\"https:\/\/jura-creation-bois.com\/wp-content\/uploads\/2019\/11\/Table-basse-2-\u00e9tages-S-1024x682.jpg 1024w, https:\/\/jura-creation-bois.com\/wp-content\/uploads\/2019\/11\/Table-basse-2-\u00e9tages-S-300x200.jpg 300w, https:\/\/jura-creation-bois.com\/wp-content\/uploads\/2019\/11\/Table-basse-2-\u00e9tages-S-768x512.jpg 768w, https:\/\/jura-creation-bois.com\/wp-content\/uploads\/2019\/11\/Table-basse-2-\u00e9tages-S-1536x1024.jpg 1536w, https:\/\/jura-creation-bois.com\/wp-content\/uploads\/2019\/11\/Table-basse-2-\u00e9tages-S-2048x1365.jpg 2048w, https:\/\/jura-creation-bois.com\/wp-content\/uploads\/2019\/11\/Table-basse-2-\u00e9tages-S-1200x800.jpg 1200w\" sizes=\"(max-width: 709px) 85vw, (max-width: 909px) 67vw, (max-width: 1362px) 62vw, 840px\" \/><\/figure>\n<figcaption class=\"blocks-gallery-caption\"><strong> Table basse en Ch\u00eane, Acacia, Fr\u00eane. Pieds en cuivre.<br>60 x 60 x H 38 cm <\/strong><br>350 \u20ac<br><br><\/figcaption><\/figure>\n\n\n\n<figure class=\"wp-container-6 wp-block-gallery-5 wp-block-gallery has-nested-images columns-2 is-cropped\">\n<figure class=\"wp-block-image size-large\"><img loading=\"lazy\" width=\"1024\" height=\"683\" data-id=\"36\"  src=\"https:\/\/jura-creation-bois.com\/wp-content\/uploads\/2019\/11\/Table-basse-cuivre-d\u00e9tail-2-S-1024x683.jpg\" alt=\"\" class=\"wp-image-36\" srcset=\"https:\/\/jura-creation-bois.com\/wp-content\/uploads\/2019\/11\/Table-basse-cuivre-d\u00e9tail-2-S-1024x683.jpg 1024w, https:\/\/jura-creation-bois.com\/wp-content\/uploads\/2019\/11\/Table-basse-cuivre-d\u00e9tail-2-S-300x200.jpg 300w, https:\/\/jura-creation-bois.com\/wp-content\/uploads\/2019\/11\/Table-basse-cuivre-d\u00e9tail-2-S-768x512.jpg 768w, https:\/\/jura-creation-bois.com\/wp-content\/uploads\/2019\/11\/Table-basse-cuivre-d\u00e9tail-2-S-1536x1024.jpg 1536w, https:\/\/jura-creation-bois.com\/wp-content\/uploads\/2019\/11\/Table-basse-cuivre-d\u00e9tail-2-S-2048x1365.jpg 2048w, https:\/\/jura-creation-bois.com\/wp-content\/uploads\/2019\/11\/Table-basse-cuivre-d\u00e9tail-2-S-1568x1045.jpg 1568w\" sizes=\"(max-width: 709px) 85vw, (max-width: 909px) 67vw, (max-width: 1362px) 62vw, 840px\" \/><\/figure>\n\n\n\n<figure class=\"wp-block-image size-large\"><img loading=\"lazy\" width=\"1024\" height=\"683\" data-id=\"143\"  src=\"https:\/\/jura-creation-bois.com\/wp-content\/uploads\/2019\/11\/Table-basse-cuivre-dessus-S-1024x683.jpg\" alt=\"\" class=\"wp-image-143\" srcset=\"https:\/\/jura-creation-bois.com\/wp-content\/uploads\/2019\/11\/Table-basse-cuivre-dessus-S-1024x683.jpg 1024w, https:\/\/jura-creation-bois.com\/wp-content\/uploads\/2019\/11\/Table-basse-cuivre-dessus-S-300x200.jpg 300w, https:\/\/jura-creation-bois.com\/wp-content\/uploads\/2019\/11\/Table-basse-cuivre-dessus-S-768x512.jpg 768w, https:\/\/jura-creation-bois.com\/wp-content\/uploads\/2019\/11\/Table-basse-cuivre-dessus-S-1536x1024.jpg 1536w, https:\/\/jura-creation-bois.com\/wp-content\/uploads\/2019\/11\/Table-basse-cuivre-dessus-S-2048x1365.jpg 2048w, https:\/\/jura-creation-bois.com\/wp-content\/uploads\/2019\/11\/Table-basse-cuivre-dessus-S-1200x800.jpg 1200w\" sizes=\"(max-width: 709px) 85vw, (max-width: 909px) 67vw, (max-width: 1362px) 62vw, 840px\" \/><\/figure>\n\n\n\n<figure class=\"wp-block-image size-large\"><img loading=\"lazy\" width=\"1024\" height=\"1024\" data-id=\"144\"  src=\"https:\/\/jura-creation-bois.com\/wp-content\/uploads\/2019\/11\/Table-basse-cuivre-carr\u00e9-S-1024x1024.jpg\" alt=\"\" class=\"wp-image-144\" srcset=\"https:\/\/jura-creation-bois.com\/wp-content\/uploads\/2019\/11\/Table-basse-cuivre-carr\u00e9-S-1024x1024.jpg 1024w, https:\/\/jura-creation-bois.com\/wp-content\/uploads\/2019\/11\/Table-basse-cuivre-carr\u00e9-S-300x300.jpg 300w, https:\/\/jura-creation-bois.com\/wp-content\/uploads\/2019\/11\/Table-basse-cuivre-carr\u00e9-S-150x150.jpg 150w, https:\/\/jura-creation-bois.com\/wp-content\/uploads\/2019\/11\/Table-basse-cuivre-carr\u00e9-S-768x768.jpg 768w, https:\/\/jura-creation-bois.com\/wp-content\/uploads\/2019\/11\/Table-basse-cuivre-carr\u00e9-S-1536x1536.jpg 1536w, https:\/\/jura-creation-bois.com\/wp-content\/uploads\/2019\/11\/Table-basse-cuivre-carr\u00e9-S-2048x2048.jpg 2048w, https:\/\/jura-creation-bois.com\/wp-content\/uploads\/2019\/11\/Table-basse-cuivre-carr\u00e9-S-1200x1200.jpg 1200w\" sizes=\"(max-width: 709px) 85vw, (max-width: 909px) 67vw, (max-width: 1362px) 62vw, 840px\" \/><\/figure>\n<figcaption class=\"blocks-gallery-caption\"><strong>Table basse en tranche de Ch\u00e2taigner incrust\u00e9e d&#8217;\u00e9tain. Pieds en cuivre.<br>D 50\/56 cm, H 46cm<\/strong><br>200 \u20ac<br><br><\/figcaption><\/figure>\n\n\n\n<p><\/p>\n\n\n\n<figure class=\"wp-container-8 wp-block-gallery-7 wp-block-gallery has-nested-images columns-default is-cropped\">\n<figure class=\"wp-block-image size-large\"><img loading=\"lazy\" width=\"1024\" height=\"576\" data-id=\"271\"  src=\"https:\/\/jura-creation-bois.com\/wp-content\/uploads\/2020\/07\/DSC_0828-1024x576.jpg\" alt=\"\" class=\"wp-image-271\" srcset=\"https:\/\/jura-creation-bois.com\/wp-content\/uploads\/2020\/07\/DSC_0828-1024x576.jpg 1024w, https:\/\/jura-creation-bois.com\/wp-content\/uploads\/2020\/07\/DSC_0828-300x169.jpg 300w, https:\/\/jura-creation-bois.com\/wp-content\/uploads\/2020\/07\/DSC_0828-768x432.jpg 768w, https:\/\/jura-creation-bois.com\/wp-content\/uploads\/2020\/07\/DSC_0828-1536x864.jpg 1536w, https:\/\/jura-creation-bois.com\/wp-content\/uploads\/2020\/07\/DSC_0828-2048x1152.jpg 2048w, https:\/\/jura-creation-bois.com\/wp-content\/uploads\/2020\/07\/DSC_0828-1200x675.jpg 1200w\" sizes=\"(max-width: 709px) 85vw, (max-width: 909px) 67vw, (max-width: 1362px) 62vw, 840px\" \/><\/figure>\n<figcaption class=\"blocks-gallery-caption\">Ta<strong>ble de salle a manger moderne.<\/strong><br>Fr\u00eane.<br>Prix sur demande en fonction des dimensions.<\/figcaption><\/figure>\n\n\n\n<figure class=\"wp-container-10 wp-block-gallery-9 wp-block-gallery has-nested-images columns-default is-cropped\">\n<figure class=\"wp-block-image size-large\"><img loading=\"lazy\" width=\"1024\" height=\"576\" data-id=\"272\"  src=\"https:\/\/jura-creation-bois.com\/wp-content\/uploads\/2020\/07\/DSC_11561-1024x576.jpg\" alt=\"\" class=\"wp-image-272\" srcset=\"https:\/\/jura-creation-bois.com\/wp-content\/uploads\/2020\/07\/DSC_11561-1024x576.jpg 1024w, https:\/\/jura-creation-bois.com\/wp-content\/uploads\/2020\/07\/DSC_11561-300x169.jpg 300w, https:\/\/jura-creation-bois.com\/wp-content\/uploads\/2020\/07\/DSC_11561-768x432.jpg 768w, https:\/\/jura-creation-bois.com\/wp-content\/uploads\/2020\/07\/DSC_11561-1536x864.jpg 1536w, https:\/\/jura-creation-bois.com\/wp-content\/uploads\/2020\/07\/DSC_11561-2048x1152.jpg 2048w, https:\/\/jura-creation-bois.com\/wp-content\/uploads\/2020\/07\/DSC_11561-1200x675.jpg 1200w\" sizes=\"(max-width: 709px) 85vw, (max-width: 909px) 67vw, (max-width: 1362px) 62vw, 840px\" \/><\/figure>\n\n\n\n<figure class=\"wp-block-image size-large\"><img loading=\"lazy\" width=\"1024\" height=\"576\" data-id=\"273\"  src=\"https:\/\/jura-creation-bois.com\/wp-content\/uploads\/2020\/07\/DSC_11551-1024x576.jpg\" alt=\"\" class=\"wp-image-273\" srcset=\"https:\/\/jura-creation-bois.com\/wp-content\/uploads\/2020\/07\/DSC_11551-1024x576.jpg 1024w, https:\/\/jura-creation-bois.com\/wp-content\/uploads\/2020\/07\/DSC_11551-300x169.jpg 300w, https:\/\/jura-creation-bois.com\/wp-content\/uploads\/2020\/07\/DSC_11551-768x432.jpg 768w, https:\/\/jura-creation-bois.com\/wp-content\/uploads\/2020\/07\/DSC_11551-1536x864.jpg 1536w, https:\/\/jura-creation-bois.com\/wp-content\/uploads\/2020\/07\/DSC_11551-2048x1152.jpg 2048w, https:\/\/jura-creation-bois.com\/wp-content\/uploads\/2020\/07\/DSC_11551-1200x675.jpg 1200w\" sizes=\"(max-width: 709px) 85vw, (max-width: 909px) 67vw, (max-width: 1362px) 62vw, 840px\" \/><\/figure>\n<figcaption class=\"blocks-gallery-caption\"><br><strong>Table de pique-nique rustique en bois massif \u00e9quarri.<\/strong><br>\u00c9pic\u00e9a brut de sciage<br>350\u20ac en 2,5m (10 personnes)<\/figcaption><\/figure>\n\n\n\n<p class=\"has-text-align-center\"><\/p>\n","protected":false},"excerpt":{"rendered":"","protected":false},"author":1,"featured_media":0,"parent":0,"menu_order":0,"comment_status":"closed","ping_status":"closed","template":"","meta":[],"_links":{"self":[{"href":"https:\/\/jura-creation-bois.com\/index.php\/wp-json\/wp\/v2\/pages\/108"}],"collection":[{"href":"https:\/\/jura-creation-bois.com\/index.php\/wp-json\/wp\/v2\/pages"}],"about":[{"href":"https:\/\/jura-creation-bois.com\/index.php\/wp-json\/wp\/v2\/types\/page"}],"author":[{"embeddable":true,"href":"https:\/\/jura-creation-bois.com\/index.php\/wp-json\/wp\/v2\/users\/1"}],"replies":[{"embeddable":true,"href":"https:\/\/jura-creation-bois.com\/index.php\/wp-json\/wp\/v2\/comments?post=108"}],"version-history":[{"count":23,"href":"https:\/\/jura-creation-bois.com\/index.php\/wp-json\/wp\/v2\/pages\/108\/revisions"}],"predecessor-version":[{"id":286,"href":"https:\/\/jura-creation-bois.com\/index.php\/wp-json\/wp\/v2\/pages\/108\/revisions\/286"}],"wp:attachment":[{"href":"https:\/\/jura-creation-bois.com\/index.php\/wp-json\/wp\/v2\/media?parent=108"}],"curies":[{"name":"wp","href":"https:\/\/api.w.org\/{rel}","templated":true}]}}